{"id":280,"date":"2017-03-10T14:32:08","date_gmt":"2017-03-10T06:32:08","guid":{"rendered":"http:\/\/wordpress-emaf7.rhcloud.com\/product\/cr010\/"},"modified":"2021-08-12T13:29:46","modified_gmt":"2021-08-12T05:29:46","slug":"cr010","status":"publish","type":"product","link":"https:\/\/www.noahdairy.com\/fr\/product\/cr010\/","title":{"rendered":"Noah Cover R\u00e9duction pour les 3 Hypers"},"content":{"rendered":"<p><img loading=\"lazy\" decoding=\"async\" src=\"https:\/\/www.noahdairy.com\/wp-content\/uploads\/2017\/03\/fr-cr010bannerV2.png\" alt=\"Noah Cover R\u00e9duction pour les 3 Hypers\" width=\"1100\" height=\"971\" class=\"alignnone size-full wp-image-2031\" srcset=\"https:\/\/www.noahdairy.com\/wp-content\/uploads\/2017\/03\/fr-cr010bannerV2.png 1100w, https:\/\/www.noahdairy.com\/wp-content\/uploads\/2017\/03\/fr-cr010bannerV2-300x265.png 300w, https:\/\/www.noahdairy.com\/wp-content\/uploads\/2017\/03\/fr-cr010bannerV2-768x678.png 768w, https:\/\/www.noahdairy.com\/wp-content\/uploads\/2017\/03\/fr-cr010bannerV2-1024x904.png 1024w, https:\/\/www.noahdairy.com\/wp-content\/uploads\/2017\/03\/fr-cr010bannerV2-1000x883.png 1000w\" sizes=\"auto, (max-width: 1100px) 100vw, 1100px\" \/><\/p>","protected":false},"excerpt":{"rendered":"<p><span style=\"color: #005bac; font-weight: bold;\">Convient pour: <\/span> le syndrome m\u00e9tabolique (taux de cholest\u00e9rol \u00e9lev\u00e9, glyc\u00e9mie \u00e9lev\u00e9e, hypertension art\u00e9rielle) et les personnes au r\u00e9gime avec un contr\u00f4le r\u00e9gulier<br \/>\nEn raison d\u2019une grande pression, d\u2019une alimentation occidentalis\u00e9e, d\u2019un manque d\u2019exercice, d\u2019un mode de vie anormal et du syndrome m\u00e9tabolique (taux de cholest\u00e9rol \u00e9lev\u00e9, glyc\u00e9mie \u00e9lev\u00e9e, hypertension art\u00e9rielle\u2026), la population atteinte des \u201ctrois maladies \u00e9lev\u00e9es\u201d augmente chaque ann\u00e9e. US FDA et l\u2019EFSA de l\u2019UE (Autorit\u00e9 europ\u00e9enne de s\u00e9curit\u00e9 des aliments) a prouv\u00e9 les all\u00e9gations de sant\u00e9 hydrosoluble de fibres d\u2019avoine bonne pour le c\u0153ur, l\u2019apport quotidien recommand\u00e9 de 3 g d\u2019avoine \u03b2- glucane (\u03b2- glucane) peut avoir un effet hypolip\u00e9miant.<br \/>\nDes boissons qui sont brass\u00e9es qui enrichissent le \u03b2- glucane et le ratio d\u2019acide gras de haute qualit\u00e9, montre que la sant\u00e9 peut coexister avec le d\u00e9licieux, une fa\u00e7on simple et facile d\u2019absorber et de r\u00e9duire la charge corporelle, aide \u00e0 rester loin des maladies de la civilisation moderne.<br \/>\n\u03b2- glucane: chaque portion d\u2019avoine contenant 0.8g de \u03b2- glucane, aide \u00e0 diminuer le cholest\u00e9rol, la graisse sanguine et \u00e0 maintenir la sant\u00e9 cardiovasculaire<br \/>\nhaute teneur en fibres: les fibres alimentaires aident \u00e0 am\u00e9liorer le m\u00e9tabolisme et l\u2019op\u00e9ration de motilit\u00e9 gastro-intestinale, de rester loin des \u201ctrois maladies \u00e9lev\u00e9es\u201d<br \/>\nom\u00e9ga 3 d\u2019origine v\u00e9g\u00e9tale: \u03c9 les acides gras aident \u00e0 r\u00e9guler le m\u00e9tabolisme des graisses, \u00e0 r\u00e9duire le mauvais cholest\u00e9rol (LDL), \u00e0 augmenter le bon cholest\u00e9rol (HDL)<br \/>\nsans sucre, pas de charge<\/p>\n","protected":false},"featured_media":1367,"template":"","meta":{"_exactmetrics_skip_tracking":false,"_exactmetrics_sitenote_active":false,"_exactmetrics_sitenote_note":"","_exactmetrics_sitenote_category":0},"product_brand":[],"product_cat":[20],"product_tag":[],"class_list":{"0":"post-280","1":"product","2":"type-product","3":"status-publish","4":"has-post-thumbnail","6":"product_cat-cover-cereal","8":"first","9":"instock","10":"taxable","11":"shipping-taxable","12":"product-type-simple"},"yoast_head":"<!-- This site is optimized with the Yoast SEO plugin v27.2 - https:\/\/yoast.com\/product\/yoast-seo-wordpress\/ -->\n<title>\u8afe\u4e9e\u5976\u7c89 \u8afe\u4e9e \u5976\u7c89 Noah noah milk powder \u5976\u7c89milk<\/title>\n<meta name=\"description\" content=\"\u8c61\u5fb5\u56de\u6b78\u81ea\u7136\u3001\u5e0c\u671b\u840c\u82bd\u7684Noah\uff0c\u672c\u8457\u5c08\u696d\u53ca\u7528\u5fc3\u7684\u614b\u5ea6\u7279\u5225\u70ba\u6771\u65b9\u4eba\u6240\u8a2d\u8a08\u7684\u5152\u7ae5\u53ca\u6210\u4eba\u5976\u7c89\u3002\u8afe\u4e9eNoah\u5e7e\u5341\u5e74\u79c9\u6301\u8457\u8afe\u4e9e\u6545\u4e8b\u7684\u7cbe\u795e\u505a\u597d\u6bcf\u4e00\u9805\u5976\u7c89\u7522\u54c1\uff0c\u4fdd\u6301\u539f\u6709\u7684\u9bae\u5ea6\uff0c\u5448\u73fe\u6700\u5b8c\u7f8e\u7684\u5976\u7c89\u7522\u54c1\uff0c\u5e36\u8457\u6d88\u8cbb\u8005\u6700\u512a\u8cea\u7684\u4eab\u53d7\u3002\" \/>\n<meta name=\"robots\" content=\"index, follow, max-snippet:-1, max-image-preview:large, max-video-preview:-1\" \/>\n<link rel=\"canonical\" href=\"https:\/\/www.noahdairy.com\/vi\/product\/cr010\/\" \/>\n<meta property=\"og:locale\" content=\"fr_FR\" \/>\n<meta property=\"og:type\" content=\"article\" \/>\n<meta property=\"og:title\" content=\"\u8afe\u4e9e\u5976\u7c89 \u8afe\u4e9e \u5976\u7c89 Noah noah milk powder \u5976\u7c89milk\" \/>\n<meta property=\"og:description\" content=\"\u8c61\u5fb5\u56de\u6b78\u81ea\u7136\u3001\u5e0c\u671b\u840c\u82bd\u7684Noah\uff0c\u672c\u8457\u5c08\u696d\u53ca\u7528\u5fc3\u7684\u614b\u5ea6\u7279\u5225\u70ba\u6771\u65b9\u4eba\u6240\u8a2d\u8a08\u7684\u5152\u7ae5\u53ca\u6210\u4eba\u5976\u7c89\u3002\u8afe\u4e9eNoah\u5e7e\u5341\u5e74\u79c9\u6301\u8457\u8afe\u4e9e\u6545\u4e8b\u7684\u7cbe\u795e\u505a\u597d\u6bcf\u4e00\u9805\u5976\u7c89\u7522\u54c1\uff0c\u4fdd\u6301\u539f\u6709\u7684\u9bae\u5ea6\uff0c\u5448\u73fe\u6700\u5b8c\u7f8e\u7684\u5976\u7c89\u7522\u54c1\uff0c\u5e36\u8457\u6d88\u8cbb\u8005\u6700\u512a\u8cea\u7684\u4eab\u53d7\u3002\" \/>\n<meta property=\"og:url\" content=\"https:\/\/www.noahdairy.com\/vi\/product\/cr010\/\" \/>\n<meta property=\"og:site_name\" content=\"Noah Dairy Milk Powder (Fran\u00e7ais)\" \/>\n<meta property=\"article:publisher\" content=\"https:\/\/www.facebook.com\/noahlohas\/\" \/>\n<meta property=\"article:modified_time\" content=\"2021-08-12T05:29:46+00:00\" \/>\n<meta property=\"og:image\" content=\"https:\/\/www.noahdairy.com\/wp-content\/uploads\/2017\/03\/CR010.jpg\" \/>\n\t<meta property=\"og:image:width\" content=\"1000\" \/>\n\t<meta property=\"og:image:height\" content=\"1000\" \/>\n\t<meta property=\"og:image:type\" content=\"image\/jpeg\" \/>\n<meta name=\"twitter:card\" content=\"summary_large_image\" \/>\n<script type=\"application\/ld+json\" class=\"yoast-schema-graph\">{\"@context\":\"https:\/\/schema.org\",\"@graph\":[{\"@type\":\"WebPage\",\"@id\":\"https:\/\/www.noahdairy.com\/vi\/product\/cr010\/\",\"url\":\"https:\/\/www.noahdairy.com\/vi\/product\/cr010\/\",\"name\":\"\u8afe\u4e9e\u5976\u7c89 \u8afe\u4e9e \u5976\u7c89 Noah noah milk powder \u5976\u7c89milk\",\"isPartOf\":{\"@id\":\"https:\/\/www.noahdairy.com\/#website\"},\"primaryImageOfPage\":{\"@id\":\"https:\/\/www.noahdairy.com\/vi\/product\/cr010\/#primaryimage\"},\"image\":{\"@id\":\"https:\/\/www.noahdairy.com\/vi\/product\/cr010\/#primaryimage\"},\"thumbnailUrl\":\"https:\/\/www.noahdairy.com\/wp-content\/uploads\/2017\/03\/CR010.jpg\",\"datePublished\":\"2017-03-10T06:32:08+00:00\",\"dateModified\":\"2021-08-12T05:29:46+00:00\",\"description\":\"\u8c61\u5fb5\u56de\u6b78\u81ea\u7136\u3001\u5e0c\u671b\u840c\u82bd\u7684Noah\uff0c\u672c\u8457\u5c08\u696d\u53ca\u7528\u5fc3\u7684\u614b\u5ea6\u7279\u5225\u70ba\u6771\u65b9\u4eba\u6240\u8a2d\u8a08\u7684\u5152\u7ae5\u53ca\u6210\u4eba\u5976\u7c89\u3002\u8afe\u4e9eNoah\u5e7e\u5341\u5e74\u79c9\u6301\u8457\u8afe\u4e9e\u6545\u4e8b\u7684\u7cbe\u795e\u505a\u597d\u6bcf\u4e00\u9805\u5976\u7c89\u7522\u54c1\uff0c\u4fdd\u6301\u539f\u6709\u7684\u9bae\u5ea6\uff0c\u5448\u73fe\u6700\u5b8c\u7f8e\u7684\u5976\u7c89\u7522\u54c1\uff0c\u5e36\u8457\u6d88\u8cbb\u8005\u6700\u512a\u8cea\u7684\u4eab\u53d7\u3002\",\"breadcrumb\":{\"@id\":\"https:\/\/www.noahdairy.com\/vi\/product\/cr010\/#breadcrumb\"},\"inLanguage\":\"fr-FR\",\"potentialAction\":[{\"@type\":\"ReadAction\",\"target\":[\"https:\/\/www.noahdairy.com\/vi\/product\/cr010\/\"]}]},{\"@type\":\"ImageObject\",\"inLanguage\":\"fr-FR\",\"@id\":\"https:\/\/www.noahdairy.com\/vi\/product\/cr010\/#primaryimage\",\"url\":\"https:\/\/www.noahdairy.com\/wp-content\/uploads\/2017\/03\/CR010.jpg\",\"contentUrl\":\"https:\/\/www.noahdairy.com\/wp-content\/uploads\/2017\/03\/CR010.jpg\",\"width\":1000,\"height\":1000},{\"@type\":\"BreadcrumbList\",\"@id\":\"https:\/\/www.noahdairy.com\/vi\/product\/cr010\/#breadcrumb\",\"itemListElement\":[{\"@type\":\"ListItem\",\"position\":1,\"name\":\"\u9996\u9801\",\"item\":\"https:\/\/www.noahdairy.com\/\"},{\"@type\":\"ListItem\",\"position\":2,\"name\":\"NOAH Cover Reduction For The 3 Hypers\"}]},{\"@type\":\"WebSite\",\"@id\":\"https:\/\/www.noahdairy.com\/#website\",\"url\":\"https:\/\/www.noahdairy.com\/\",\"name\":\"Noah Dairy Milk Powder (Fran\u00e7ais)\",\"description\":\"\",\"publisher\":{\"@id\":\"https:\/\/www.noahdairy.com\/#organization\"},\"potentialAction\":[{\"@type\":\"SearchAction\",\"target\":{\"@type\":\"EntryPoint\",\"urlTemplate\":\"https:\/\/www.noahdairy.com\/?s={search_term_string}\"},\"query-input\":{\"@type\":\"PropertyValueSpecification\",\"valueRequired\":true,\"valueName\":\"search_term_string\"}}],\"inLanguage\":\"fr-FR\"},{\"@type\":\"Organization\",\"@id\":\"https:\/\/www.noahdairy.com\/#organization\",\"name\":\"Noah Milk Podwer\",\"url\":\"https:\/\/www.noahdairy.com\/\",\"logo\":{\"@type\":\"ImageObject\",\"inLanguage\":\"fr-FR\",\"@id\":\"https:\/\/www.noahdairy.com\/#\/schema\/logo\/image\/\",\"url\":\"https:\/\/www.noahdairy.com\/wp-content\/uploads\/2017\/08\/logo7.png\",\"contentUrl\":\"https:\/\/www.noahdairy.com\/wp-content\/uploads\/2017\/08\/logo7.png\",\"width\":140,\"height\":140,\"caption\":\"Noah Milk Podwer\"},\"image\":{\"@id\":\"https:\/\/www.noahdairy.com\/#\/schema\/logo\/image\/\"},\"sameAs\":[\"https:\/\/www.facebook.com\/noahlohas\/\",\"https:\/\/www.youtube.com\/channel\/UCxPA_BHVY5Lzs4A4bhlOEFg\"]}]}<\/script>\n<!-- \/ Yoast SEO plugin. -->","yoast_head_json":{"title":"\u8afe\u4e9e\u5976\u7c89 \u8afe\u4e9e \u5976\u7c89 Noah noah milk powder \u5976\u7c89milk","description":"\u8c61\u5fb5\u56de\u6b78\u81ea\u7136\u3001\u5e0c\u671b\u840c\u82bd\u7684Noah\uff0c\u672c\u8457\u5c08\u696d\u53ca\u7528\u5fc3\u7684\u614b\u5ea6\u7279\u5225\u70ba\u6771\u65b9\u4eba\u6240\u8a2d\u8a08\u7684\u5152\u7ae5\u53ca\u6210\u4eba\u5976\u7c89\u3002\u8afe\u4e9eNoah\u5e7e\u5341\u5e74\u79c9\u6301\u8457\u8afe\u4e9e\u6545\u4e8b\u7684\u7cbe\u795e\u505a\u597d\u6bcf\u4e00\u9805\u5976\u7c89\u7522\u54c1\uff0c\u4fdd\u6301\u539f\u6709\u7684\u9bae\u5ea6\uff0c\u5448\u73fe\u6700\u5b8c\u7f8e\u7684\u5976\u7c89\u7522\u54c1\uff0c\u5e36\u8457\u6d88\u8cbb\u8005\u6700\u512a\u8cea\u7684\u4eab\u53d7\u3002","robots":{"index":"index","follow":"follow","max-snippet":"max-snippet:-1","max-image-preview":"max-image-preview:large","max-video-preview":"max-video-preview:-1"},"canonical":"https:\/\/www.noahdairy.com\/vi\/product\/cr010\/","og_locale":"fr_FR","og_type":"article","og_title":"\u8afe\u4e9e\u5976\u7c89 \u8afe\u4e9e \u5976\u7c89 Noah noah milk powder \u5976\u7c89milk","og_description":"\u8c61\u5fb5\u56de\u6b78\u81ea\u7136\u3001\u5e0c\u671b\u840c\u82bd\u7684Noah\uff0c\u672c\u8457\u5c08\u696d\u53ca\u7528\u5fc3\u7684\u614b\u5ea6\u7279\u5225\u70ba\u6771\u65b9\u4eba\u6240\u8a2d\u8a08\u7684\u5152\u7ae5\u53ca\u6210\u4eba\u5976\u7c89\u3002\u8afe\u4e9eNoah\u5e7e\u5341\u5e74\u79c9\u6301\u8457\u8afe\u4e9e\u6545\u4e8b\u7684\u7cbe\u795e\u505a\u597d\u6bcf\u4e00\u9805\u5976\u7c89\u7522\u54c1\uff0c\u4fdd\u6301\u539f\u6709\u7684\u9bae\u5ea6\uff0c\u5448\u73fe\u6700\u5b8c\u7f8e\u7684\u5976\u7c89\u7522\u54c1\uff0c\u5e36\u8457\u6d88\u8cbb\u8005\u6700\u512a\u8cea\u7684\u4eab\u53d7\u3002","og_url":"https:\/\/www.noahdairy.com\/vi\/product\/cr010\/","og_site_name":"Noah Dairy Milk Powder (Fran\u00e7ais)","article_publisher":"https:\/\/www.facebook.com\/noahlohas\/","article_modified_time":"2021-08-12T05:29:46+00:00","og_image":[{"width":1000,"height":1000,"url":"https:\/\/www.noahdairy.com\/wp-content\/uploads\/2017\/03\/CR010.jpg","type":"image\/jpeg"}],"twitter_card":"summary_large_image","schema":{"@context":"https:\/\/schema.org","@graph":[{"@type":"WebPage","@id":"https:\/\/www.noahdairy.com\/vi\/product\/cr010\/","url":"https:\/\/www.noahdairy.com\/vi\/product\/cr010\/","name":"\u8afe\u4e9e\u5976\u7c89 \u8afe\u4e9e \u5976\u7c89 Noah noah milk powder \u5976\u7c89milk","isPartOf":{"@id":"https:\/\/www.noahdairy.com\/#website"},"primaryImageOfPage":{"@id":"https:\/\/www.noahdairy.com\/vi\/product\/cr010\/#primaryimage"},"image":{"@id":"https:\/\/www.noahdairy.com\/vi\/product\/cr010\/#primaryimage"},"thumbnailUrl":"https:\/\/www.noahdairy.com\/wp-content\/uploads\/2017\/03\/CR010.jpg","datePublished":"2017-03-10T06:32:08+00:00","dateModified":"2021-08-12T05:29:46+00:00","description":"\u8c61\u5fb5\u56de\u6b78\u81ea\u7136\u3001\u5e0c\u671b\u840c\u82bd\u7684Noah\uff0c\u672c\u8457\u5c08\u696d\u53ca\u7528\u5fc3\u7684\u614b\u5ea6\u7279\u5225\u70ba\u6771\u65b9\u4eba\u6240\u8a2d\u8a08\u7684\u5152\u7ae5\u53ca\u6210\u4eba\u5976\u7c89\u3002\u8afe\u4e9eNoah\u5e7e\u5341\u5e74\u79c9\u6301\u8457\u8afe\u4e9e\u6545\u4e8b\u7684\u7cbe\u795e\u505a\u597d\u6bcf\u4e00\u9805\u5976\u7c89\u7522\u54c1\uff0c\u4fdd\u6301\u539f\u6709\u7684\u9bae\u5ea6\uff0c\u5448\u73fe\u6700\u5b8c\u7f8e\u7684\u5976\u7c89\u7522\u54c1\uff0c\u5e36\u8457\u6d88\u8cbb\u8005\u6700\u512a\u8cea\u7684\u4eab\u53d7\u3002","breadcrumb":{"@id":"https:\/\/www.noahdairy.com\/vi\/product\/cr010\/#breadcrumb"},"inLanguage":"fr-FR","potentialAction":[{"@type":"ReadAction","target":["https:\/\/www.noahdairy.com\/vi\/product\/cr010\/"]}]},{"@type":"ImageObject","inLanguage":"fr-FR","@id":"https:\/\/www.noahdairy.com\/vi\/product\/cr010\/#primaryimage","url":"https:\/\/www.noahdairy.com\/wp-content\/uploads\/2017\/03\/CR010.jpg","contentUrl":"https:\/\/www.noahdairy.com\/wp-content\/uploads\/2017\/03\/CR010.jpg","width":1000,"height":1000},{"@type":"BreadcrumbList","@id":"https:\/\/www.noahdairy.com\/vi\/product\/cr010\/#breadcrumb","itemListElement":[{"@type":"ListItem","position":1,"name":"\u9996\u9801","item":"https:\/\/www.noahdairy.com\/"},{"@type":"ListItem","position":2,"name":"NOAH Cover Reduction For The 3 Hypers"}]},{"@type":"WebSite","@id":"https:\/\/www.noahdairy.com\/#website","url":"https:\/\/www.noahdairy.com\/","name":"Noah Dairy Milk Powder (Fran\u00e7ais)","description":"","publisher":{"@id":"https:\/\/www.noahdairy.com\/#organization"},"potentialAction":[{"@type":"SearchAction","target":{"@type":"EntryPoint","urlTemplate":"https:\/\/www.noahdairy.com\/?s={search_term_string}"},"query-input":{"@type":"PropertyValueSpecification","valueRequired":true,"valueName":"search_term_string"}}],"inLanguage":"fr-FR"},{"@type":"Organization","@id":"https:\/\/www.noahdairy.com\/#organization","name":"Noah Milk Podwer","url":"https:\/\/www.noahdairy.com\/","logo":{"@type":"ImageObject","inLanguage":"fr-FR","@id":"https:\/\/www.noahdairy.com\/#\/schema\/logo\/image\/","url":"https:\/\/www.noahdairy.com\/wp-content\/uploads\/2017\/08\/logo7.png","contentUrl":"https:\/\/www.noahdairy.com\/wp-content\/uploads\/2017\/08\/logo7.png","width":140,"height":140,"caption":"Noah Milk Podwer"},"image":{"@id":"https:\/\/www.noahdairy.com\/#\/schema\/logo\/image\/"},"sameAs":["https:\/\/www.facebook.com\/noahlohas\/","https:\/\/www.youtube.com\/channel\/UCxPA_BHVY5Lzs4A4bhlOEFg"]}]}},"_links":{"self":[{"href":"https:\/\/www.noahdairy.com\/fr\/wp-json\/wp\/v2\/product\/280","targetHints":{"allow":["GET"]}}],"collection":[{"href":"https:\/\/www.noahdairy.com\/fr\/wp-json\/wp\/v2\/product"}],"about":[{"href":"https:\/\/www.noahdairy.com\/fr\/wp-json\/wp\/v2\/types\/product"}],"wp:featuredmedia":[{"embeddable":true,"href":"https:\/\/www.noahdairy.com\/fr\/wp-json\/wp\/v2\/media\/1367"}],"wp:attachment":[{"href":"https:\/\/www.noahdairy.com\/fr\/wp-json\/wp\/v2\/media?parent=280"}],"wp:term":[{"taxonomy":"product_brand","embeddable":true,"href":"https:\/\/www.noahdairy.com\/fr\/wp-json\/wp\/v2\/product_brand?post=280"},{"taxonomy":"product_cat","embeddable":true,"href":"https:\/\/www.noahdairy.com\/fr\/wp-json\/wp\/v2\/product_cat?post=280"},{"taxonomy":"product_tag","embeddable":true,"href":"https:\/\/www.noahdairy.com\/fr\/wp-json\/wp\/v2\/product_tag?post=280"}],"curies":[{"name":"wp","href":"https:\/\/api.w.org\/{rel}","templated":true}]}}