{"id":284,"date":"2017-03-10T14:43:13","date_gmt":"2017-03-10T06:43:13","guid":{"rendered":"http:\/\/wordpress-emaf7.rhcloud.com\/product\/cr003-2\/"},"modified":"2021-08-12T13:27:22","modified_gmt":"2021-08-12T05:27:22","slug":"cr003","status":"publish","type":"product","link":"https:\/\/www.noahdairy.com\/fr\/product\/cr003\/","title":{"rendered":"Noah Cover Children Milk"},"content":{"rendered":"<p><img loading=\"lazy\" decoding=\"async\" class=\"alignnone size-full wp-image-2025\" src=\"https:\/\/www.noahdairy.com\/wp-content\/uploads\/2017\/03\/fr-cr003bannerV2.png\" alt=\"\" width=\"1100\" height=\"1125\" srcset=\"https:\/\/www.noahdairy.com\/wp-content\/uploads\/2017\/03\/fr-cr003bannerV2.png 1100w, https:\/\/www.noahdairy.com\/wp-content\/uploads\/2017\/03\/fr-cr003bannerV2-293x300.png 293w, https:\/\/www.noahdairy.com\/wp-content\/uploads\/2017\/03\/fr-cr003bannerV2-768x785.png 768w, https:\/\/www.noahdairy.com\/wp-content\/uploads\/2017\/03\/fr-cr003bannerV2-1001x1024.png 1001w, https:\/\/www.noahdairy.com\/wp-content\/uploads\/2017\/03\/fr-cr003bannerV2-1000x1023.png 1000w\" sizes=\"auto, (max-width: 1100px) 100vw, 1100px\" \/><\/p>","protected":false},"excerpt":{"rendered":"<p>IQ plus Smart Kids Formula<br \/>\nM\u00e9thodes de pr\u00e9vention: Veuillez garder le couvercle ferm\u00e9 et le conserver dans un endroit frais et sec. \u00c0 finir dans un d\u00e9lai d\u2019un mois apr\u00e8s l\u2019ouverture.<br \/>\nRappel: Le produit contient une vari\u00e9t\u00e9 de nutriment; il peut y avoir peu de particules de couleur fonc\u00e9e durant la fabrication. C\u2019est un ph\u00e9nom\u00e8ne normal. Mettez-vous \u00e0 l\u2019aise.<br \/>\nLes grains naturels partials ont \u00e9t\u00e9 cuits au four et transform\u00e9 en couleur fonc\u00e9e au cours de la fabrication. C\u2019est un ph\u00e9nom\u00e8ne normal. Mettez-vous \u00e0 l\u2019aise.<br \/>\nLe produit contient des fibres v\u00e9g\u00e9tales naturelles (mat\u00e9riau efficace). Ils sont pleins de viscosit\u00e9 et d\u2019hydrosoluble. Plus la dur\u00e9e de stockage est longue, plus la teneur en viscosit\u00e9 est importante. C\u2019est un ph\u00e9nom\u00e8ne normal. Si une personne qui n\u2019aime pas le go\u00fbt de la viscosit\u00e9, nous vous sugg\u00e9rons de boire d\u00e8s que possible apr\u00e8s infusion. Aussi, vous pouvez m\u00e9langer ou remuer avant de boire. Si une personne qui aime le go\u00fbt de la viscosit\u00e9, nous vous recommandons de boire apr\u00e8s une heure et demie. (Il n\u2019y a aucune influence sur ses fonctions).<\/p>\n","protected":false},"featured_media":1364,"template":"","meta":{"_exactmetrics_skip_tracking":false,"_exactmetrics_sitenote_active":false,"_exactmetrics_sitenote_note":"","_exactmetrics_sitenote_category":0},"product_brand":[],"product_cat":[20],"product_tag":[],"class_list":{"0":"post-284","1":"product","2":"type-product","3":"status-publish","4":"has-post-thumbnail","6":"product_cat-cover-cereal","8":"first","9":"instock","10":"taxable","11":"shipping-taxable","12":"product-type-simple"},"yoast_head":"<!-- This site is optimized with the Yoast SEO plugin v27.2 - https:\/\/yoast.com\/product\/yoast-seo-wordpress\/ -->\n<title>\u8afe\u4e9e\u5976\u7c89 \u8afe\u4e9e \u5976\u7c89 Noah noah milk powder \u5976\u7c89milk<\/title>\n<meta name=\"description\" content=\"\u8c61\u5fb5\u56de\u6b78\u81ea\u7136\u3001\u5e0c\u671b\u840c\u82bd\u7684Noah\uff0c\u672c\u8457\u5c08\u696d\u53ca\u7528\u5fc3\u7684\u614b\u5ea6\u7279\u5225\u70ba\u6771\u65b9\u4eba\u6240\u8a2d\u8a08\u7684\u5152\u7ae5\u53ca\u6210\u4eba\u5976\u7c89\u3002\u8afe\u4e9eNoah\u5e7e\u5341\u5e74\u79c9\u6301\u8457\u8afe\u4e9e\u6545\u4e8b\u7684\u7cbe\u795e\u505a\u597d\u6bcf\u4e00\u9805\u5976\u7c89\u7522\u54c1\uff0c\u4fdd\u6301\u539f\u6709\u7684\u9bae\u5ea6\uff0c\u5448\u73fe\u6700\u5b8c\u7f8e\u7684\u5976\u7c89\u7522\u54c1\uff0c\u5e36\u8457\u6d88\u8cbb\u8005\u6700\u512a\u8cea\u7684\u4eab\u53d7\u3002\" \/>\n<meta name=\"robots\" content=\"index, follow, max-snippet:-1, max-image-preview:large, max-video-preview:-1\" \/>\n<link rel=\"canonical\" href=\"https:\/\/www.noahdairy.com\/vi\/product\/cr003\/\" \/>\n<meta property=\"og:locale\" content=\"fr_FR\" \/>\n<meta property=\"og:type\" content=\"article\" \/>\n<meta property=\"og:title\" content=\"\u8afe\u4e9e\u5976\u7c89 \u8afe\u4e9e \u5976\u7c89 Noah noah milk powder \u5976\u7c89milk\" \/>\n<meta property=\"og:description\" content=\"\u8c61\u5fb5\u56de\u6b78\u81ea\u7136\u3001\u5e0c\u671b\u840c\u82bd\u7684Noah\uff0c\u672c\u8457\u5c08\u696d\u53ca\u7528\u5fc3\u7684\u614b\u5ea6\u7279\u5225\u70ba\u6771\u65b9\u4eba\u6240\u8a2d\u8a08\u7684\u5152\u7ae5\u53ca\u6210\u4eba\u5976\u7c89\u3002\u8afe\u4e9eNoah\u5e7e\u5341\u5e74\u79c9\u6301\u8457\u8afe\u4e9e\u6545\u4e8b\u7684\u7cbe\u795e\u505a\u597d\u6bcf\u4e00\u9805\u5976\u7c89\u7522\u54c1\uff0c\u4fdd\u6301\u539f\u6709\u7684\u9bae\u5ea6\uff0c\u5448\u73fe\u6700\u5b8c\u7f8e\u7684\u5976\u7c89\u7522\u54c1\uff0c\u5e36\u8457\u6d88\u8cbb\u8005\u6700\u512a\u8cea\u7684\u4eab\u53d7\u3002\" \/>\n<meta property=\"og:url\" content=\"https:\/\/www.noahdairy.com\/vi\/product\/cr003\/\" \/>\n<meta property=\"og:site_name\" content=\"Noah Dairy Milk Powder (Fran\u00e7ais)\" \/>\n<meta property=\"article:publisher\" content=\"https:\/\/www.facebook.com\/noahlohas\/\" \/>\n<meta property=\"article:modified_time\" content=\"2021-08-12T05:27:22+00:00\" \/>\n<meta property=\"og:image\" content=\"https:\/\/www.noahdairy.com\/wp-content\/uploads\/2017\/03\/CR003.jpg\" \/>\n\t<meta property=\"og:image:width\" content=\"1000\" \/>\n\t<meta property=\"og:image:height\" content=\"1000\" \/>\n\t<meta property=\"og:image:type\" content=\"image\/jpeg\" \/>\n<meta name=\"twitter:card\" content=\"summary_large_image\" \/>\n<script type=\"application\/ld+json\" class=\"yoast-schema-graph\">{\"@context\":\"https:\/\/schema.org\",\"@graph\":[{\"@type\":\"WebPage\",\"@id\":\"https:\/\/www.noahdairy.com\/vi\/product\/cr003\/\",\"url\":\"https:\/\/www.noahdairy.com\/vi\/product\/cr003\/\",\"name\":\"\u8afe\u4e9e\u5976\u7c89 \u8afe\u4e9e \u5976\u7c89 Noah noah milk powder \u5976\u7c89milk\",\"isPartOf\":{\"@id\":\"https:\/\/www.noahdairy.com\/#website\"},\"primaryImageOfPage\":{\"@id\":\"https:\/\/www.noahdairy.com\/vi\/product\/cr003\/#primaryimage\"},\"image\":{\"@id\":\"https:\/\/www.noahdairy.com\/vi\/product\/cr003\/#primaryimage\"},\"thumbnailUrl\":\"https:\/\/www.noahdairy.com\/wp-content\/uploads\/2017\/03\/CR003.jpg\",\"datePublished\":\"2017-03-10T06:43:13+00:00\",\"dateModified\":\"2021-08-12T05:27:22+00:00\",\"description\":\"\u8c61\u5fb5\u56de\u6b78\u81ea\u7136\u3001\u5e0c\u671b\u840c\u82bd\u7684Noah\uff0c\u672c\u8457\u5c08\u696d\u53ca\u7528\u5fc3\u7684\u614b\u5ea6\u7279\u5225\u70ba\u6771\u65b9\u4eba\u6240\u8a2d\u8a08\u7684\u5152\u7ae5\u53ca\u6210\u4eba\u5976\u7c89\u3002\u8afe\u4e9eNoah\u5e7e\u5341\u5e74\u79c9\u6301\u8457\u8afe\u4e9e\u6545\u4e8b\u7684\u7cbe\u795e\u505a\u597d\u6bcf\u4e00\u9805\u5976\u7c89\u7522\u54c1\uff0c\u4fdd\u6301\u539f\u6709\u7684\u9bae\u5ea6\uff0c\u5448\u73fe\u6700\u5b8c\u7f8e\u7684\u5976\u7c89\u7522\u54c1\uff0c\u5e36\u8457\u6d88\u8cbb\u8005\u6700\u512a\u8cea\u7684\u4eab\u53d7\u3002\",\"breadcrumb\":{\"@id\":\"https:\/\/www.noahdairy.com\/vi\/product\/cr003\/#breadcrumb\"},\"inLanguage\":\"fr-FR\",\"potentialAction\":[{\"@type\":\"ReadAction\",\"target\":[\"https:\/\/www.noahdairy.com\/vi\/product\/cr003\/\"]}]},{\"@type\":\"ImageObject\",\"inLanguage\":\"fr-FR\",\"@id\":\"https:\/\/www.noahdairy.com\/vi\/product\/cr003\/#primaryimage\",\"url\":\"https:\/\/www.noahdairy.com\/wp-content\/uploads\/2017\/03\/CR003.jpg\",\"contentUrl\":\"https:\/\/www.noahdairy.com\/wp-content\/uploads\/2017\/03\/CR003.jpg\",\"width\":1000,\"height\":1000},{\"@type\":\"BreadcrumbList\",\"@id\":\"https:\/\/www.noahdairy.com\/vi\/product\/cr003\/#breadcrumb\",\"itemListElement\":[{\"@type\":\"ListItem\",\"position\":1,\"name\":\"\u9996\u9801\",\"item\":\"https:\/\/www.noahdairy.com\/\"},{\"@type\":\"ListItem\",\"position\":2,\"name\":\"Noah Cover Children Milk\"}]},{\"@type\":\"WebSite\",\"@id\":\"https:\/\/www.noahdairy.com\/#website\",\"url\":\"https:\/\/www.noahdairy.com\/\",\"name\":\"Noah Dairy Milk Powder (Fran\u00e7ais)\",\"description\":\"\",\"publisher\":{\"@id\":\"https:\/\/www.noahdairy.com\/#organization\"},\"potentialAction\":[{\"@type\":\"SearchAction\",\"target\":{\"@type\":\"EntryPoint\",\"urlTemplate\":\"https:\/\/www.noahdairy.com\/?s={search_term_string}\"},\"query-input\":{\"@type\":\"PropertyValueSpecification\",\"valueRequired\":true,\"valueName\":\"search_term_string\"}}],\"inLanguage\":\"fr-FR\"},{\"@type\":\"Organization\",\"@id\":\"https:\/\/www.noahdairy.com\/#organization\",\"name\":\"Noah Milk Podwer\",\"url\":\"https:\/\/www.noahdairy.com\/\",\"logo\":{\"@type\":\"ImageObject\",\"inLanguage\":\"fr-FR\",\"@id\":\"https:\/\/www.noahdairy.com\/#\/schema\/logo\/image\/\",\"url\":\"https:\/\/www.noahdairy.com\/wp-content\/uploads\/2017\/08\/logo7.png\",\"contentUrl\":\"https:\/\/www.noahdairy.com\/wp-content\/uploads\/2017\/08\/logo7.png\",\"width\":140,\"height\":140,\"caption\":\"Noah Milk Podwer\"},\"image\":{\"@id\":\"https:\/\/www.noahdairy.com\/#\/schema\/logo\/image\/\"},\"sameAs\":[\"https:\/\/www.facebook.com\/noahlohas\/\",\"https:\/\/www.youtube.com\/channel\/UCxPA_BHVY5Lzs4A4bhlOEFg\"]}]}<\/script>\n<!-- \/ Yoast SEO plugin. -->","yoast_head_json":{"title":"\u8afe\u4e9e\u5976\u7c89 \u8afe\u4e9e \u5976\u7c89 Noah noah milk powder \u5976\u7c89milk","description":"\u8c61\u5fb5\u56de\u6b78\u81ea\u7136\u3001\u5e0c\u671b\u840c\u82bd\u7684Noah\uff0c\u672c\u8457\u5c08\u696d\u53ca\u7528\u5fc3\u7684\u614b\u5ea6\u7279\u5225\u70ba\u6771\u65b9\u4eba\u6240\u8a2d\u8a08\u7684\u5152\u7ae5\u53ca\u6210\u4eba\u5976\u7c89\u3002\u8afe\u4e9eNoah\u5e7e\u5341\u5e74\u79c9\u6301\u8457\u8afe\u4e9e\u6545\u4e8b\u7684\u7cbe\u795e\u505a\u597d\u6bcf\u4e00\u9805\u5976\u7c89\u7522\u54c1\uff0c\u4fdd\u6301\u539f\u6709\u7684\u9bae\u5ea6\uff0c\u5448\u73fe\u6700\u5b8c\u7f8e\u7684\u5976\u7c89\u7522\u54c1\uff0c\u5e36\u8457\u6d88\u8cbb\u8005\u6700\u512a\u8cea\u7684\u4eab\u53d7\u3002","robots":{"index":"index","follow":"follow","max-snippet":"max-snippet:-1","max-image-preview":"max-image-preview:large","max-video-preview":"max-video-preview:-1"},"canonical":"https:\/\/www.noahdairy.com\/vi\/product\/cr003\/","og_locale":"fr_FR","og_type":"article","og_title":"\u8afe\u4e9e\u5976\u7c89 \u8afe\u4e9e \u5976\u7c89 Noah noah milk powder \u5976\u7c89milk","og_description":"\u8c61\u5fb5\u56de\u6b78\u81ea\u7136\u3001\u5e0c\u671b\u840c\u82bd\u7684Noah\uff0c\u672c\u8457\u5c08\u696d\u53ca\u7528\u5fc3\u7684\u614b\u5ea6\u7279\u5225\u70ba\u6771\u65b9\u4eba\u6240\u8a2d\u8a08\u7684\u5152\u7ae5\u53ca\u6210\u4eba\u5976\u7c89\u3002\u8afe\u4e9eNoah\u5e7e\u5341\u5e74\u79c9\u6301\u8457\u8afe\u4e9e\u6545\u4e8b\u7684\u7cbe\u795e\u505a\u597d\u6bcf\u4e00\u9805\u5976\u7c89\u7522\u54c1\uff0c\u4fdd\u6301\u539f\u6709\u7684\u9bae\u5ea6\uff0c\u5448\u73fe\u6700\u5b8c\u7f8e\u7684\u5976\u7c89\u7522\u54c1\uff0c\u5e36\u8457\u6d88\u8cbb\u8005\u6700\u512a\u8cea\u7684\u4eab\u53d7\u3002","og_url":"https:\/\/www.noahdairy.com\/vi\/product\/cr003\/","og_site_name":"Noah Dairy Milk Powder (Fran\u00e7ais)","article_publisher":"https:\/\/www.facebook.com\/noahlohas\/","article_modified_time":"2021-08-12T05:27:22+00:00","og_image":[{"width":1000,"height":1000,"url":"https:\/\/www.noahdairy.com\/wp-content\/uploads\/2017\/03\/CR003.jpg","type":"image\/jpeg"}],"twitter_card":"summary_large_image","schema":{"@context":"https:\/\/schema.org","@graph":[{"@type":"WebPage","@id":"https:\/\/www.noahdairy.com\/vi\/product\/cr003\/","url":"https:\/\/www.noahdairy.com\/vi\/product\/cr003\/","name":"\u8afe\u4e9e\u5976\u7c89 \u8afe\u4e9e \u5976\u7c89 Noah noah milk powder \u5976\u7c89milk","isPartOf":{"@id":"https:\/\/www.noahdairy.com\/#website"},"primaryImageOfPage":{"@id":"https:\/\/www.noahdairy.com\/vi\/product\/cr003\/#primaryimage"},"image":{"@id":"https:\/\/www.noahdairy.com\/vi\/product\/cr003\/#primaryimage"},"thumbnailUrl":"https:\/\/www.noahdairy.com\/wp-content\/uploads\/2017\/03\/CR003.jpg","datePublished":"2017-03-10T06:43:13+00:00","dateModified":"2021-08-12T05:27:22+00:00","description":"\u8c61\u5fb5\u56de\u6b78\u81ea\u7136\u3001\u5e0c\u671b\u840c\u82bd\u7684Noah\uff0c\u672c\u8457\u5c08\u696d\u53ca\u7528\u5fc3\u7684\u614b\u5ea6\u7279\u5225\u70ba\u6771\u65b9\u4eba\u6240\u8a2d\u8a08\u7684\u5152\u7ae5\u53ca\u6210\u4eba\u5976\u7c89\u3002\u8afe\u4e9eNoah\u5e7e\u5341\u5e74\u79c9\u6301\u8457\u8afe\u4e9e\u6545\u4e8b\u7684\u7cbe\u795e\u505a\u597d\u6bcf\u4e00\u9805\u5976\u7c89\u7522\u54c1\uff0c\u4fdd\u6301\u539f\u6709\u7684\u9bae\u5ea6\uff0c\u5448\u73fe\u6700\u5b8c\u7f8e\u7684\u5976\u7c89\u7522\u54c1\uff0c\u5e36\u8457\u6d88\u8cbb\u8005\u6700\u512a\u8cea\u7684\u4eab\u53d7\u3002","breadcrumb":{"@id":"https:\/\/www.noahdairy.com\/vi\/product\/cr003\/#breadcrumb"},"inLanguage":"fr-FR","potentialAction":[{"@type":"ReadAction","target":["https:\/\/www.noahdairy.com\/vi\/product\/cr003\/"]}]},{"@type":"ImageObject","inLanguage":"fr-FR","@id":"https:\/\/www.noahdairy.com\/vi\/product\/cr003\/#primaryimage","url":"https:\/\/www.noahdairy.com\/wp-content\/uploads\/2017\/03\/CR003.jpg","contentUrl":"https:\/\/www.noahdairy.com\/wp-content\/uploads\/2017\/03\/CR003.jpg","width":1000,"height":1000},{"@type":"BreadcrumbList","@id":"https:\/\/www.noahdairy.com\/vi\/product\/cr003\/#breadcrumb","itemListElement":[{"@type":"ListItem","position":1,"name":"\u9996\u9801","item":"https:\/\/www.noahdairy.com\/"},{"@type":"ListItem","position":2,"name":"Noah Cover Children Milk"}]},{"@type":"WebSite","@id":"https:\/\/www.noahdairy.com\/#website","url":"https:\/\/www.noahdairy.com\/","name":"Noah Dairy Milk Powder (Fran\u00e7ais)","description":"","publisher":{"@id":"https:\/\/www.noahdairy.com\/#organization"},"potentialAction":[{"@type":"SearchAction","target":{"@type":"EntryPoint","urlTemplate":"https:\/\/www.noahdairy.com\/?s={search_term_string}"},"query-input":{"@type":"PropertyValueSpecification","valueRequired":true,"valueName":"search_term_string"}}],"inLanguage":"fr-FR"},{"@type":"Organization","@id":"https:\/\/www.noahdairy.com\/#organization","name":"Noah Milk Podwer","url":"https:\/\/www.noahdairy.com\/","logo":{"@type":"ImageObject","inLanguage":"fr-FR","@id":"https:\/\/www.noahdairy.com\/#\/schema\/logo\/image\/","url":"https:\/\/www.noahdairy.com\/wp-content\/uploads\/2017\/08\/logo7.png","contentUrl":"https:\/\/www.noahdairy.com\/wp-content\/uploads\/2017\/08\/logo7.png","width":140,"height":140,"caption":"Noah Milk Podwer"},"image":{"@id":"https:\/\/www.noahdairy.com\/#\/schema\/logo\/image\/"},"sameAs":["https:\/\/www.facebook.com\/noahlohas\/","https:\/\/www.youtube.com\/channel\/UCxPA_BHVY5Lzs4A4bhlOEFg"]}]}},"_links":{"self":[{"href":"https:\/\/www.noahdairy.com\/fr\/wp-json\/wp\/v2\/product\/284","targetHints":{"allow":["GET"]}}],"collection":[{"href":"https:\/\/www.noahdairy.com\/fr\/wp-json\/wp\/v2\/product"}],"about":[{"href":"https:\/\/www.noahdairy.com\/fr\/wp-json\/wp\/v2\/types\/product"}],"wp:featuredmedia":[{"embeddable":true,"href":"https:\/\/www.noahdairy.com\/fr\/wp-json\/wp\/v2\/media\/1364"}],"wp:attachment":[{"href":"https:\/\/www.noahdairy.com\/fr\/wp-json\/wp\/v2\/media?parent=284"}],"wp:term":[{"taxonomy":"product_brand","embeddable":true,"href":"https:\/\/www.noahdairy.com\/fr\/wp-json\/wp\/v2\/product_brand?post=284"},{"taxonomy":"product_cat","embeddable":true,"href":"https:\/\/www.noahdairy.com\/fr\/wp-json\/wp\/v2\/product_cat?post=284"},{"taxonomy":"product_tag","embeddable":true,"href":"https:\/\/www.noahdairy.com\/fr\/wp-json\/wp\/v2\/product_tag?post=284"}],"curies":[{"name":"wp","href":"https:\/\/api.w.org\/{rel}","templated":true}]}}