{"id":277,"date":"2017-03-10T13:06:05","date_gmt":"2017-03-10T05:06:05","guid":{"rendered":"http:\/\/wordpress-emaf7.rhcloud.com\/product\/cr006\/"},"modified":"2021-08-12T13:31:14","modified_gmt":"2021-08-12T05:31:14","slug":"cr006","status":"publish","type":"product","link":"https:\/\/www.noahdairy.com\/vi\/product\/cr006\/","title":{"rendered":"Noah Cover Protein Nutrients 15"},"content":{"rendered":"<p class=\"qtranxs-available-languages-message qtranxs-available-languages-message-vi\">R\u1ea5t ti\u1ebfc, m\u1ee5c n\u00e0y ch\u1ec9 t\u1ed3n t\u1ea1i \u1edf <a href=\"https:\/\/www.noahdairy.com\/en\/wp-json\/wp\/v2\/product\/277\" class=\"qtranxs-available-language-link qtranxs-available-language-link-en\" title=\"English\">English<\/a>, <a href=\"https:\/\/www.noahdairy.com\/TW\/wp-json\/wp\/v2\/product\/277\" class=\"qtranxs-available-language-link qtranxs-available-language-link-TW\" title=\"\u7e41\u9ad4\u4e2d\u6587\">\u7e41\u9ad4\u4e2d\u6587<\/a>, <a href=\"https:\/\/www.noahdairy.com\/MY\/wp-json\/wp\/v2\/product\/277\" class=\"qtranxs-available-language-link qtranxs-available-language-link-MY\" title=\"Bahasa Melayu\">Bahasa Melayu<\/a>, <a href=\"https:\/\/www.noahdairy.com\/TH\/wp-json\/wp\/v2\/product\/277\" class=\"qtranxs-available-language-link qtranxs-available-language-link-TH\" title=\"\u0e20\u0e32\u0e29\u0e32\u0e44\u0e17\u0e22\">\u0e20\u0e32\u0e29\u0e32\u0e44\u0e17\u0e22<\/a>, <a href=\"https:\/\/www.noahdairy.com\/mm\/wp-json\/wp\/v2\/product\/277\" class=\"qtranxs-available-language-link qtranxs-available-language-link-mm\" title=\"\u1019\u103c\u1014\u103a\u1019\u102c\u1021\u1000\u1039\u1001\u101b\u102c\">\u1019\u103c\u1014\u103a\u1019\u102c\u1021\u1000\u1039\u1001\u101b\u102c<\/a>, <a href=\"https:\/\/www.noahdairy.com\/id\/wp-json\/wp\/v2\/product\/277\" class=\"qtranxs-available-language-link qtranxs-available-language-link-id\" title=\"Bahasa Indonesia\">Bahasa Indonesia<\/a>, <a href=\"https:\/\/www.noahdairy.com\/IN\/wp-json\/wp\/v2\/product\/277\" class=\"qtranxs-available-language-link qtranxs-available-language-link-IN\" title=\"Hind\u012b\">Hind\u012b<\/a>, <a href=\"https:\/\/www.noahdairy.com\/ja\/wp-json\/wp\/v2\/product\/277\" class=\"qtranxs-available-language-link qtranxs-available-language-link-ja\" title=\"\u65e5\u672c\u8a9e\">\u65e5\u672c\u8a9e<\/a> v\u00e0 <a href=\"https:\/\/www.noahdairy.com\/fr\/wp-json\/wp\/v2\/product\/277\" class=\"qtranxs-available-language-link qtranxs-available-language-link-fr\" title=\"Fran\u00e7ais\">Fran\u00e7ais<\/a>.<\/p>","protected":false},"excerpt":{"rendered":"<p>The Important Thing Each Day!<br \/>\nKh\u1ed1i l\u01b0\u1ee3ng t\u1ecbnh: 900g<br \/>\n\u0110\u1ed1i t\u01b0\u1ee3ng th\u00edch h\u1ee3p s\u1eed d\u1ee5ng: S\u1ea3n ph\u1ea9m ch\u1ee9a c\u00e1c ch\u1ea5t dinh d\u01b0\u1ee1ng c\u1ea7n thi\u1ebft, ph\u00f9 h\u1ee3p v\u1edbi c\u01a1 th\u1ec3 ng\u01b0\u1eddi h\u01a1n s\u1eefa b\u00f2 hay s\u1eefa \u0111\u1eadu n\u00e0nh, l\u00e0 th\u1ee9c u\u1ed1ng protein ch\u1ea5t l\u01b0\u1ee3ng cao gi\u00fap b\u1ed5 sung m\u1ed9t c\u00e1ch c\u00e2n b\u1eb1ng v\u00e0 to\u00e0n di\u1ec7n c\u00e1c ch\u1ea5t dinh d\u01b0\u1ee1ng c\u1ea7n thi\u1ebft cho c\u01a1 th\u1ec3. D\u1ef1a v\u00e0o nhu c\u1ea7u s\u1ee9c kho\u1ebb c\u1ee7a c\u01a1 th\u1ec3 ng\u01b0\u1eddi, \u0111em t\u1ea5t c\u1ea3 c\u00e1c ch\u1ea5t dinh d\u01b0\u1ee1ng c\u1ea7n thi\u1ebft t\u1ed5 h\u1ee3p l\u1ea1i t\u1ea1o th\u00e0nh s\u1ea3n ph\u1ea9m dinh d\u01b0\u1ee1ng n\u00e0y, ph\u00f9 h\u1ee3p v\u1edbi c\u01a1 th\u1ec3 ng\u01b0\u1eddi h\u01a1n s\u1eefa b\u00f2 hay s\u1eefa \u0111\u1eadu n\u00e0nh, cung c\u1ea5p cho b\u1ea1n s\u1ee9c s\u1ed1ng tr\u00e0n \u0111\u1ea7y, \u0111\u1ed1i di\u1ec7n v\u1edbi nh\u1eefng th\u00e1ch th\u1ee9c m\u1ed7i ng\u00e0y.<br \/>\nPh\u01b0\u01a1ng ph\u00e1p b\u1ea3o qu\u1ea3n: B\u1ea3o qu\u1ea3n trong h\u1ed9p k\u00edn t\u1ea1i n\u01a1i kh\u00f4 r\u00e1o v\u00e0 tho\u00e1ng m\u00e1t. Xin u\u1ed1ng h\u1ebft trong v\u00f2ng m\u1ed9t th\u00e1ng sau khi m\u1edf n\u1eafp h\u1ed9p.<br \/>\nNh\u1eafc nh\u1edf: S\u1ea3n ph\u1ea9m n\u00e0y ch\u1ee9a nhi\u1ec1u lo\u1ea1i ch\u1ea5t dinh d\u01b0\u1ee1ng, trong qu\u00e1 tr\u00ecnh s\u1ea3n xu\u1ea5t c\u00f3 th\u1ec3 xu\u1ea5t hi\u1ec7n s\u1ed1 l\u01b0\u1ee3ng nh\u1ecf c\u00e1c h\u1ea1t nh\u1ecf m\u00e0u t\u1ed1i, \u0111\u00e2y l\u00e0 m\u1ed9t hi\u1ec7n t\u01b0\u1ee3ng b\u00ecnh th\u01b0\u1eddng, xin vui l\u00f2ng y\u00ean t\u00e2m s\u1eed d\u1ee5ng.<br \/>\nS\u1ea3n ph\u1ea9m n\u00e0y bao g\u1ed3m \u0111\u1eadu n\u00e0nh, c\u00e1c ch\u1ebf ph\u1ea9m t\u1eeb \u0111\u1ed9ng v\u1eadt gi\u00e1p x\u00e1c v\u00e0 s\u1eefa.<br \/>\n\u0110i\u1ec3m n\u1ed5i b\u1eadt c\u1ee7a s\u1ea3n ph\u1ea9m:<br \/>\nNgu\u1ed3n protein ch\u1ea5t l\u01b0\u1ee3ng cao (PDCAAS = 1): nguy\u00ean li\u1ec7u ch\u1ee7 y\u1ebfu l\u00e0 protein t\u1eeb s\u1eefa b\u00f2, t\u1ef7 l\u1ec7 casein v\u00e0 whey protein \u0111i\u1ec1u ch\u1ec9nh, t\u1ef7 l\u1ec7 s\u1eed d\u1ee5ng h\u1ea5p th\u1ee5 \u0111\u1ea1t 96%.<br \/>\n\u0110\u01b0\u1eddng lactose th\u1ea5p: lu\u1ee3ng \u0111\u01b0\u1eddng lactose \u0111\u01b0\u1ee3c gi\u1ea3m xu\u1ed1ng trong kho\u1ea3ng 2%, \u0111\u1ec3 nh\u1eefng ng\u01b0\u1eddi kh\u00f4ng u\u1ed1ng \u0111\u01b0\u1ee3c s\u1eefa b\u00f2 v\u1eabn c\u00f3 th\u1ec3 an y\u00e2m s\u1eed d\u1ee5ng.<br \/>\nB\u1ed5 sung nhi\u1ec7t l\u01b0\u1ee3ng m\u00e0 kh\u00f4ng c\u1ea7n lo ng\u1ea1i: g\u1ed3m ch\u1ea5t b\u00e9o MCT, chuy\u1ec3n \u0111\u1ed5i th\u00e0nh nhi\u1ec7t l\u01b0\u1ee3ng v\u1edbi t\u1ed1c \u0111\u1ed9 cao, kh\u00f4ng d\u1ec5 h\u00ecnh th\u00e0nh ch\u1ea5t b\u00e9o c\u01a1 th\u1ec3, k\u1ebft h\u1ee3p v\u1edbi axit b\u00e9o Omega, duy tr\u00ec s\u1ee9c kho\u1ebb tim m\u1ea1ch.<br \/>\n\u00c1p su\u1ea5t th\u1ea9m th\u1ea5u (300 mOsm\/kg): Ch\u1ea5t dinh d\u01b0\u1ee1ng \u0111\u01b0\u1ee3c gi\u1eef nguy\u00ean v\u1eb9n m\u00e0 kh\u00f4ng b\u1ecb m\u1ea5t m\u00e1t.<\/p>\n","protected":false},"featured_media":1370,"template":"","meta":{"_exactmetrics_skip_tracking":false,"_exactmetrics_sitenote_active":false,"_exactmetrics_sitenote_note":"","_exactmetrics_sitenote_category":0},"product_brand":[],"product_cat":[20],"product_tag":[],"class_list":{"0":"post-277","1":"product","2":"type-product","3":"status-publish","4":"has-post-thumbnail","6":"product_cat-cover-cereal","8":"first","9":"instock","10":"taxable","11":"shipping-taxable","12":"product-type-simple"},"yoast_head":"<!-- This site is optimized with the Yoast SEO plugin v27.2 - https:\/\/yoast.com\/product\/yoast-seo-wordpress\/ -->\n<title>\u8afe\u4e9e\u5976\u7c89 \u8afe\u4e9e \u5976\u7c89 Noah noah milk powder \u5976\u7c89milk<\/title>\n<meta name=\"description\" content=\"\u8c61\u5fb5\u56de\u6b78\u81ea\u7136\u3001\u5e0c\u671b\u840c\u82bd\u7684Noah\uff0c\u672c\u8457\u5c08\u696d\u53ca\u7528\u5fc3\u7684\u614b\u5ea6\u7279\u5225\u70ba\u6771\u65b9\u4eba\u6240\u8a2d\u8a08\u7684\u5152\u7ae5\u53ca\u6210\u4eba\u5976\u7c89\u3002\u8afe\u4e9eNoah\u5e7e\u5341\u5e74\u79c9\u6301\u8457\u8afe\u4e9e\u6545\u4e8b\u7684\u7cbe\u795e\u505a\u597d\u6bcf\u4e00\u9805\u5976\u7c89\u7522\u54c1\uff0c\u4fdd\u6301\u539f\u6709\u7684\u9bae\u5ea6\uff0c\u5448\u73fe\u6700\u5b8c\u7f8e\u7684\u5976\u7c89\u7522\u54c1\uff0c\u5e36\u8457\u6d88\u8cbb\u8005\u6700\u512a\u8cea\u7684\u4eab\u53d7\u3002\" \/>\n<meta name=\"robots\" content=\"index, follow, max-snippet:-1, max-image-preview:large, max-video-preview:-1\" \/>\n<link rel=\"canonical\" href=\"https:\/\/www.noahdairy.com\/vi\/product\/cr006\/\" \/>\n<meta property=\"og:locale\" content=\"vi_VN\" \/>\n<meta property=\"og:type\" content=\"article\" \/>\n<meta property=\"og:title\" content=\"\u8afe\u4e9e\u5976\u7c89 \u8afe\u4e9e \u5976\u7c89 Noah noah milk powder \u5976\u7c89milk\" \/>\n<meta property=\"og:description\" content=\"\u8c61\u5fb5\u56de\u6b78\u81ea\u7136\u3001\u5e0c\u671b\u840c\u82bd\u7684Noah\uff0c\u672c\u8457\u5c08\u696d\u53ca\u7528\u5fc3\u7684\u614b\u5ea6\u7279\u5225\u70ba\u6771\u65b9\u4eba\u6240\u8a2d\u8a08\u7684\u5152\u7ae5\u53ca\u6210\u4eba\u5976\u7c89\u3002\u8afe\u4e9eNoah\u5e7e\u5341\u5e74\u79c9\u6301\u8457\u8afe\u4e9e\u6545\u4e8b\u7684\u7cbe\u795e\u505a\u597d\u6bcf\u4e00\u9805\u5976\u7c89\u7522\u54c1\uff0c\u4fdd\u6301\u539f\u6709\u7684\u9bae\u5ea6\uff0c\u5448\u73fe\u6700\u5b8c\u7f8e\u7684\u5976\u7c89\u7522\u54c1\uff0c\u5e36\u8457\u6d88\u8cbb\u8005\u6700\u512a\u8cea\u7684\u4eab\u53d7\u3002\" \/>\n<meta property=\"og:url\" content=\"https:\/\/www.noahdairy.com\/vi\/product\/cr006\/\" \/>\n<meta property=\"og:site_name\" content=\"Noah Dairy Milk Powder (Ti\u1ebfng Vi\u1ec7t)\" \/>\n<meta property=\"article:publisher\" content=\"https:\/\/www.facebook.com\/noahlohas\/\" \/>\n<meta property=\"article:modified_time\" content=\"2021-08-12T05:31:14+00:00\" \/>\n<meta property=\"og:image\" content=\"https:\/\/www.noahdairy.com\/wp-content\/uploads\/2017\/03\/CR006.jpg\" \/>\n\t<meta property=\"og:image:width\" content=\"1000\" \/>\n\t<meta property=\"og:image:height\" content=\"1000\" \/>\n\t<meta property=\"og:image:type\" content=\"image\/jpeg\" \/>\n<meta name=\"twitter:card\" content=\"summary_large_image\" \/>\n<meta name=\"twitter:label1\" content=\"\u01af\u1edbc t\u00ednh th\u1eddi gian \u0111\u1ecdc\" \/>\n\t<meta name=\"twitter:data1\" content=\"1 ph\u00fat\" \/>\n<script type=\"application\/ld+json\" class=\"yoast-schema-graph\">{\"@context\":\"https:\/\/schema.org\",\"@graph\":[{\"@type\":\"WebPage\",\"@id\":\"https:\/\/www.noahdairy.com\/vi\/product\/cr006\/\",\"url\":\"https:\/\/www.noahdairy.com\/vi\/product\/cr006\/\",\"name\":\"\u8afe\u4e9e\u5976\u7c89 \u8afe\u4e9e \u5976\u7c89 Noah noah milk powder \u5976\u7c89milk\",\"isPartOf\":{\"@id\":\"https:\/\/www.noahdairy.com\/#website\"},\"primaryImageOfPage\":{\"@id\":\"https:\/\/www.noahdairy.com\/vi\/product\/cr006\/#primaryimage\"},\"image\":{\"@id\":\"https:\/\/www.noahdairy.com\/vi\/product\/cr006\/#primaryimage\"},\"thumbnailUrl\":\"https:\/\/www.noahdairy.com\/wp-content\/uploads\/2017\/03\/CR006.jpg\",\"datePublished\":\"2017-03-10T05:06:05+00:00\",\"dateModified\":\"2021-08-12T05:31:14+00:00\",\"description\":\"\u8c61\u5fb5\u56de\u6b78\u81ea\u7136\u3001\u5e0c\u671b\u840c\u82bd\u7684Noah\uff0c\u672c\u8457\u5c08\u696d\u53ca\u7528\u5fc3\u7684\u614b\u5ea6\u7279\u5225\u70ba\u6771\u65b9\u4eba\u6240\u8a2d\u8a08\u7684\u5152\u7ae5\u53ca\u6210\u4eba\u5976\u7c89\u3002\u8afe\u4e9eNoah\u5e7e\u5341\u5e74\u79c9\u6301\u8457\u8afe\u4e9e\u6545\u4e8b\u7684\u7cbe\u795e\u505a\u597d\u6bcf\u4e00\u9805\u5976\u7c89\u7522\u54c1\uff0c\u4fdd\u6301\u539f\u6709\u7684\u9bae\u5ea6\uff0c\u5448\u73fe\u6700\u5b8c\u7f8e\u7684\u5976\u7c89\u7522\u54c1\uff0c\u5e36\u8457\u6d88\u8cbb\u8005\u6700\u512a\u8cea\u7684\u4eab\u53d7\u3002\",\"breadcrumb\":{\"@id\":\"https:\/\/www.noahdairy.com\/vi\/product\/cr006\/#breadcrumb\"},\"inLanguage\":\"vi\",\"potentialAction\":[{\"@type\":\"ReadAction\",\"target\":[\"https:\/\/www.noahdairy.com\/vi\/product\/cr006\/\"]}]},{\"@type\":\"ImageObject\",\"inLanguage\":\"vi\",\"@id\":\"https:\/\/www.noahdairy.com\/vi\/product\/cr006\/#primaryimage\",\"url\":\"https:\/\/www.noahdairy.com\/wp-content\/uploads\/2017\/03\/CR006.jpg\",\"contentUrl\":\"https:\/\/www.noahdairy.com\/wp-content\/uploads\/2017\/03\/CR006.jpg\",\"width\":1000,\"height\":1000},{\"@type\":\"BreadcrumbList\",\"@id\":\"https:\/\/www.noahdairy.com\/vi\/product\/cr006\/#breadcrumb\",\"itemListElement\":[{\"@type\":\"ListItem\",\"position\":1,\"name\":\"\u9996\u9801\",\"item\":\"https:\/\/www.noahdairy.com\/\"},{\"@type\":\"ListItem\",\"position\":2,\"name\":\"Noah Cover Protein Nutrients 15\"}]},{\"@type\":\"WebSite\",\"@id\":\"https:\/\/www.noahdairy.com\/#website\",\"url\":\"https:\/\/www.noahdairy.com\/\",\"name\":\"Noah Dairy Milk Powder (Ti\u1ebfng Vi\u1ec7t)\",\"description\":\"\",\"publisher\":{\"@id\":\"https:\/\/www.noahdairy.com\/#organization\"},\"potentialAction\":[{\"@type\":\"SearchAction\",\"target\":{\"@type\":\"EntryPoint\",\"urlTemplate\":\"https:\/\/www.noahdairy.com\/?s={search_term_string}\"},\"query-input\":{\"@type\":\"PropertyValueSpecification\",\"valueRequired\":true,\"valueName\":\"search_term_string\"}}],\"inLanguage\":\"vi\"},{\"@type\":\"Organization\",\"@id\":\"https:\/\/www.noahdairy.com\/#organization\",\"name\":\"Noah Milk Podwer\",\"url\":\"https:\/\/www.noahdairy.com\/\",\"logo\":{\"@type\":\"ImageObject\",\"inLanguage\":\"vi\",\"@id\":\"https:\/\/www.noahdairy.com\/#\/schema\/logo\/image\/\",\"url\":\"https:\/\/www.noahdairy.com\/wp-content\/uploads\/2017\/08\/logo7.png\",\"contentUrl\":\"https:\/\/www.noahdairy.com\/wp-content\/uploads\/2017\/08\/logo7.png\",\"width\":140,\"height\":140,\"caption\":\"Noah Milk Podwer\"},\"image\":{\"@id\":\"https:\/\/www.noahdairy.com\/#\/schema\/logo\/image\/\"},\"sameAs\":[\"https:\/\/www.facebook.com\/noahlohas\/\",\"https:\/\/www.youtube.com\/channel\/UCxPA_BHVY5Lzs4A4bhlOEFg\"]}]}<\/script>\n<!-- \/ Yoast SEO plugin. -->","yoast_head_json":{"title":"\u8afe\u4e9e\u5976\u7c89 \u8afe\u4e9e \u5976\u7c89 Noah noah milk powder \u5976\u7c89milk","description":"\u8c61\u5fb5\u56de\u6b78\u81ea\u7136\u3001\u5e0c\u671b\u840c\u82bd\u7684Noah\uff0c\u672c\u8457\u5c08\u696d\u53ca\u7528\u5fc3\u7684\u614b\u5ea6\u7279\u5225\u70ba\u6771\u65b9\u4eba\u6240\u8a2d\u8a08\u7684\u5152\u7ae5\u53ca\u6210\u4eba\u5976\u7c89\u3002\u8afe\u4e9eNoah\u5e7e\u5341\u5e74\u79c9\u6301\u8457\u8afe\u4e9e\u6545\u4e8b\u7684\u7cbe\u795e\u505a\u597d\u6bcf\u4e00\u9805\u5976\u7c89\u7522\u54c1\uff0c\u4fdd\u6301\u539f\u6709\u7684\u9bae\u5ea6\uff0c\u5448\u73fe\u6700\u5b8c\u7f8e\u7684\u5976\u7c89\u7522\u54c1\uff0c\u5e36\u8457\u6d88\u8cbb\u8005\u6700\u512a\u8cea\u7684\u4eab\u53d7\u3002","robots":{"index":"index","follow":"follow","max-snippet":"max-snippet:-1","max-image-preview":"max-image-preview:large","max-video-preview":"max-video-preview:-1"},"canonical":"https:\/\/www.noahdairy.com\/vi\/product\/cr006\/","og_locale":"vi_VN","og_type":"article","og_title":"\u8afe\u4e9e\u5976\u7c89 \u8afe\u4e9e \u5976\u7c89 Noah noah milk powder \u5976\u7c89milk","og_description":"\u8c61\u5fb5\u56de\u6b78\u81ea\u7136\u3001\u5e0c\u671b\u840c\u82bd\u7684Noah\uff0c\u672c\u8457\u5c08\u696d\u53ca\u7528\u5fc3\u7684\u614b\u5ea6\u7279\u5225\u70ba\u6771\u65b9\u4eba\u6240\u8a2d\u8a08\u7684\u5152\u7ae5\u53ca\u6210\u4eba\u5976\u7c89\u3002\u8afe\u4e9eNoah\u5e7e\u5341\u5e74\u79c9\u6301\u8457\u8afe\u4e9e\u6545\u4e8b\u7684\u7cbe\u795e\u505a\u597d\u6bcf\u4e00\u9805\u5976\u7c89\u7522\u54c1\uff0c\u4fdd\u6301\u539f\u6709\u7684\u9bae\u5ea6\uff0c\u5448\u73fe\u6700\u5b8c\u7f8e\u7684\u5976\u7c89\u7522\u54c1\uff0c\u5e36\u8457\u6d88\u8cbb\u8005\u6700\u512a\u8cea\u7684\u4eab\u53d7\u3002","og_url":"https:\/\/www.noahdairy.com\/vi\/product\/cr006\/","og_site_name":"Noah Dairy Milk Powder (Ti\u1ebfng Vi\u1ec7t)","article_publisher":"https:\/\/www.facebook.com\/noahlohas\/","article_modified_time":"2021-08-12T05:31:14+00:00","og_image":[{"width":1000,"height":1000,"url":"https:\/\/www.noahdairy.com\/wp-content\/uploads\/2017\/03\/CR006.jpg","type":"image\/jpeg"}],"twitter_card":"summary_large_image","twitter_misc":{"\u01af\u1edbc t\u00ednh th\u1eddi gian \u0111\u1ecdc":"1 ph\u00fat"},"schema":{"@context":"https:\/\/schema.org","@graph":[{"@type":"WebPage","@id":"https:\/\/www.noahdairy.com\/vi\/product\/cr006\/","url":"https:\/\/www.noahdairy.com\/vi\/product\/cr006\/","name":"\u8afe\u4e9e\u5976\u7c89 \u8afe\u4e9e \u5976\u7c89 Noah noah milk powder \u5976\u7c89milk","isPartOf":{"@id":"https:\/\/www.noahdairy.com\/#website"},"primaryImageOfPage":{"@id":"https:\/\/www.noahdairy.com\/vi\/product\/cr006\/#primaryimage"},"image":{"@id":"https:\/\/www.noahdairy.com\/vi\/product\/cr006\/#primaryimage"},"thumbnailUrl":"https:\/\/www.noahdairy.com\/wp-content\/uploads\/2017\/03\/CR006.jpg","datePublished":"2017-03-10T05:06:05+00:00","dateModified":"2021-08-12T05:31:14+00:00","description":"\u8c61\u5fb5\u56de\u6b78\u81ea\u7136\u3001\u5e0c\u671b\u840c\u82bd\u7684Noah\uff0c\u672c\u8457\u5c08\u696d\u53ca\u7528\u5fc3\u7684\u614b\u5ea6\u7279\u5225\u70ba\u6771\u65b9\u4eba\u6240\u8a2d\u8a08\u7684\u5152\u7ae5\u53ca\u6210\u4eba\u5976\u7c89\u3002\u8afe\u4e9eNoah\u5e7e\u5341\u5e74\u79c9\u6301\u8457\u8afe\u4e9e\u6545\u4e8b\u7684\u7cbe\u795e\u505a\u597d\u6bcf\u4e00\u9805\u5976\u7c89\u7522\u54c1\uff0c\u4fdd\u6301\u539f\u6709\u7684\u9bae\u5ea6\uff0c\u5448\u73fe\u6700\u5b8c\u7f8e\u7684\u5976\u7c89\u7522\u54c1\uff0c\u5e36\u8457\u6d88\u8cbb\u8005\u6700\u512a\u8cea\u7684\u4eab\u53d7\u3002","breadcrumb":{"@id":"https:\/\/www.noahdairy.com\/vi\/product\/cr006\/#breadcrumb"},"inLanguage":"vi","potentialAction":[{"@type":"ReadAction","target":["https:\/\/www.noahdairy.com\/vi\/product\/cr006\/"]}]},{"@type":"ImageObject","inLanguage":"vi","@id":"https:\/\/www.noahdairy.com\/vi\/product\/cr006\/#primaryimage","url":"https:\/\/www.noahdairy.com\/wp-content\/uploads\/2017\/03\/CR006.jpg","contentUrl":"https:\/\/www.noahdairy.com\/wp-content\/uploads\/2017\/03\/CR006.jpg","width":1000,"height":1000},{"@type":"BreadcrumbList","@id":"https:\/\/www.noahdairy.com\/vi\/product\/cr006\/#breadcrumb","itemListElement":[{"@type":"ListItem","position":1,"name":"\u9996\u9801","item":"https:\/\/www.noahdairy.com\/"},{"@type":"ListItem","position":2,"name":"Noah Cover Protein Nutrients 15"}]},{"@type":"WebSite","@id":"https:\/\/www.noahdairy.com\/#website","url":"https:\/\/www.noahdairy.com\/","name":"Noah Dairy Milk Powder (Ti\u1ebfng Vi\u1ec7t)","description":"","publisher":{"@id":"https:\/\/www.noahdairy.com\/#organization"},"potentialAction":[{"@type":"SearchAction","target":{"@type":"EntryPoint","urlTemplate":"https:\/\/www.noahdairy.com\/?s={search_term_string}"},"query-input":{"@type":"PropertyValueSpecification","valueRequired":true,"valueName":"search_term_string"}}],"inLanguage":"vi"},{"@type":"Organization","@id":"https:\/\/www.noahdairy.com\/#organization","name":"Noah Milk Podwer","url":"https:\/\/www.noahdairy.com\/","logo":{"@type":"ImageObject","inLanguage":"vi","@id":"https:\/\/www.noahdairy.com\/#\/schema\/logo\/image\/","url":"https:\/\/www.noahdairy.com\/wp-content\/uploads\/2017\/08\/logo7.png","contentUrl":"https:\/\/www.noahdairy.com\/wp-content\/uploads\/2017\/08\/logo7.png","width":140,"height":140,"caption":"Noah Milk Podwer"},"image":{"@id":"https:\/\/www.noahdairy.com\/#\/schema\/logo\/image\/"},"sameAs":["https:\/\/www.facebook.com\/noahlohas\/","https:\/\/www.youtube.com\/channel\/UCxPA_BHVY5Lzs4A4bhlOEFg"]}]}},"_links":{"self":[{"href":"https:\/\/www.noahdairy.com\/vi\/wp-json\/wp\/v2\/product\/277","targetHints":{"allow":["GET"]}}],"collection":[{"href":"https:\/\/www.noahdairy.com\/vi\/wp-json\/wp\/v2\/product"}],"about":[{"href":"https:\/\/www.noahdairy.com\/vi\/wp-json\/wp\/v2\/types\/product"}],"wp:featuredmedia":[{"embeddable":true,"href":"https:\/\/www.noahdairy.com\/vi\/wp-json\/wp\/v2\/media\/1370"}],"wp:attachment":[{"href":"https:\/\/www.noahdairy.com\/vi\/wp-json\/wp\/v2\/media?parent=277"}],"wp:term":[{"taxonomy":"product_brand","embeddable":true,"href":"https:\/\/www.noahdairy.com\/vi\/wp-json\/wp\/v2\/product_brand?post=277"},{"taxonomy":"product_cat","embeddable":true,"href":"https:\/\/www.noahdairy.com\/vi\/wp-json\/wp\/v2\/product_cat?post=277"},{"taxonomy":"product_tag","embeddable":true,"href":"https:\/\/www.noahdairy.com\/vi\/wp-json\/wp\/v2\/product_tag?post=277"}],"curies":[{"name":"wp","href":"https:\/\/api.w.org\/{rel}","templated":true}]}}